{"id":12236,"date":"2018-12-10T03:06:47","date_gmt":"2018-12-10T03:06:47","guid":{"rendered":"https:\/\/azorestouch.com\/sobre-nos\/"},"modified":"2023-11-03T21:58:32","modified_gmt":"2023-11-03T21:58:32","slug":"sobre-nos","status":"publish","type":"page","link":"https:\/\/azorestouch.com\/en\/sobre-nos\/","title":{"rendered":"About Us"},"content":{"rendered":"<div class=\"wpb-content-wrapper\"><p>[vc_row css=&#8221;.vc_custom_1645122279372{margin-top: 80px !important;margin-bottom: 60px !important;}&#8221;][vc_column width=&#8221;1\/2&#8243;][vc_single_image image=&#8221;13137&#8243; img_size=&#8221;full&#8221; style=&#8221;vc_box_rounded&#8221;][vc_column_text el_class=&#8221;st-aboutus-title&#8221;]<\/p>\n<h3>About Us<\/h3>\n<p>[\/vc_column_text][vc_column_text]<\/p>\n<div style=\"font-size: 18px;\">\n<p>Verificando o crescimento not\u00e1vel que se tem vindo a verificar no Turismo do Arquip\u00e9lago dos A\u00e7ores, nasceu o <strong>projeto da Azores Touch<\/strong>, visando criar um leque de solu\u00e7\u00f5es com o intuito de proporcionar \u00e0s pessoas que visitam os A\u00e7ores sentirem-se como em sua casa, e sempre em contacto com a comunidade e cultura local. Dispomos de tr\u00eas \u00e1reas de servi\u00e7os, <a href=\"https:\/\/booking.azorestouch.com\/\">alojamento local<\/a> de diversas tipologias, <a href=\"https:\/\/azorestouch.com\/en\/?page_id=12240\">rent-a-car &amp; bike<\/a> e inesquec\u00edveis <a href=\"https:\/\/azorestouch.com\/en\/experiencias\/\">experi\u00eancias<\/a> de atividades relacionadas com a natureza e cultura e costumes locais.<\/p>\n<p>Come\u00e7ando pelo <a href=\"https:\/\/booking.azorestouch.com\/\"><strong>alojamento local<\/strong><\/a>, a Azores Touch possu\u00ed casas de Turismo Rural e de Habita\u00e7\u00e3o, licenciadas e preparadas com todas as condi\u00e7\u00f5es, inclusive com as exig\u00eancias decorrentes da \u00e9poca de pandemia em que nos encontramos, para receber turistas e visitantes nas Ilhas Terceira e Graciosa.<\/p>\n<p>O servi\u00e7o <a href=\"https:\/\/azorestouch.com\/en\/?page_id=12240\"><strong>rent-a-car &amp; bike<\/strong><\/a> visa a disponibiliza\u00e7\u00e3o de uma frota de ve\u00edculos e bicicletas, proporcionando um servi\u00e7o integrado de experi\u00eancias-estadia-transporte aos turistas e visitantes.<\/p>\n<p>Para completar o leque de solu\u00e7\u00f5es, oferecemos a possibilidade das pessoas vivenciarem <a href=\"https:\/\/azorestouch.com\/en\/experiencias\/\"><strong>experi\u00eancias<\/strong><\/a> \u00fanicas e inesquec\u00edveis, consistindo na oferta de servi\u00e7os e solu\u00e7\u00f5es de promo\u00e7\u00e3o de atividades de anima\u00e7\u00e3o e entretenimento de turistas que visitam os A\u00e7ores, oferecendo experi\u00eancias de agroturismo, passeios, atividades mar\u00edtimas, natureza, culturais e radicais. A AzoresTouch disponibiliza um leque alargado de atividades tur\u00edsticas, complementada com uma aposta numa oferta integrada com parceiros nas mais variadas \u00e1reas da anima\u00e7\u00e3o tur\u00edstica.<\/p>\n<p>Com estas tr\u00eas \u00e1reas de atividade, e\u0301 poss\u00edvel fornecer a melhor experiencia e inser\u00e7\u00e3o na comunidade e cultura local a quem nos visita, desde quando faz a reserva num dos nossos alojamentos, ate\u0301 a\u0300 sua partida. Na Azores Touch acreditamos que fazemos amizades para o futuro, apostando e ambicionando que as pessoas voltem a visitar os A\u00e7ores. Sempre com o<strong> lema Terceirense \u201cFa\u00e7a-se de casa!\u201d<\/strong>.<\/p>\n<\/div>\n<p>[\/vc_column_text][\/vc_column][vc_column width=&#8221;1\/2&#8243;][vc_column_text el_class=&#8221;st-aboutus-title&#8221;]<\/p>\n<h3>A Nossa Hist\u00f3ria<\/h3>\n<p>[\/vc_column_text][vc_column_text]Azores Touch was born with the aim of providing tourists who visit the Azores with a complete experience, as remarkable as possible. The company&#8217;s motto is: <em><strong>\u201cWe plan your vacation from check-in to check-out\u201d<\/strong><\/em>, which means that in addition to guaranteeing accommodation and means of transport during your stay in the Azores, offers all kinds of experiences to make your visit unforgettable.<strong>It all started in 2012<\/strong> when S\u00e9rgio Cota, founder and current CEO of Azores Touch, observed a notable growth in tourism in Archipelago of the Azores, with the idea of \u200b\u200bbuying two typical houses and recovering them to create an offer of accommodation of choice in rural areas.<strong>In 2016 the Company was born<\/strong>, simultaneously with the beginning of the exploration of the houses , called White Houses. Simultaneously with the start of the activity at Casas Brancas, a series of partnerships was created in terms of <strong>tourist activities<\/strong>, identifying companies that shared the same values. But it was detected that it was important to evolve and innovate in terms of tourist entertainment activities on Terceira Island, so personalized and specific tourist entertainment activities were created by Azores Touch.<strong>Between 2017 and 2018<\/strong> it was Realizing the potential that would have to explore a service of <strong>local accommodation management<\/strong>, I have Azores Touch bet and started approaches to manage accommodation. From the first 5 accommodations, it evolves to 10, then 15, then 20 and at the moment there are more than 30 accommodations that Azores Touch manages on Terceira and Graciosa Islands.<strong>At the beginning of 2018<\/strong> we returned to innovate, launching the <strong>rent-a-car &amp; bike<\/strong> on Terceira Island, meeting the demand observed in contact with customers. Also in early 2018, Azores Touch won another special distinction, joining the Azores Brand, thus acquiring greater visibility with access to communication and marketing campaigns promoted by the coordinating entity, the Sociedade para o Desenvolvimento Empresarial dos A\u00e7ores (SDEA). <strong>June 2018<\/strong> Azores Touch started its activity on Graciosa Island, offering the same services as on Terceira Island, accommodation management, tourist entertainment, rent-a-car &amp; bike.<strong>October 2019<\/strong> marks a strategic turning point in the Azores Touch project, with the <strong>intake as a shareholder of Portugal Ventures<\/strong>, a venture capital company of the Tourism group from Portugal, which bets on businesses with enormous potential and joined to reinforce Azores Touch&#8217;s ambition to be a reference player in the DMC panorama of Portugal in general, and of the Azores in particular.After the years of <strong>2020&lt;\/ strong&gt; and <strong>2021<\/strong> were years in which the company made its way in the midst of the COVID pandemic effect that had a worldwide impact on the Tourism sector, the years of <strong>2022 and following<\/strong> will be of <strong>resumption of activity<\/strong>, of <strong>international affirmation<\/strong> and of expansion to the <strong>S\u00e3o Jorge market<\/strong>.<\/strong>[\/vc_column_text][\/vc_column][\/vc_row][vc_row full_width=&#8221;stretch_row&#8221; row_fullwidth=&#8221;yes&#8221; css=&#8221;.vc_custom_1645123630500{padding-right: 30px !important;padding-left: 30px !important;}&#8221; el_id=&#8221;section-verde&#8221; el_class=&#8221;section-round&#8221;][vc_column css=&#8221;.vc_custom_1632917699923{background: #218c38 url(https:\/\/azorestouch.cecplp-azores.org\/wp-content\/uploads\/2021\/09\/graciosa-layer2.png?id=11295) !important;background-position: 0 0 !important;background-repeat: repeat !important;}&#8221;][vc_row_inner][vc_column_inner width=&#8221;1\/3&#8243;][vc_column_text el_class=&#8221;st-aboutus-title&#8221;]<\/p>\n<h3><i class=\"fa fa-rocket\"><\/i> Mission<\/h3>\n<p>[\/vc_column_text][vc_column_text el_class=&#8221;st-aboutus-content&#8221;]Offer experience tourism, nature and quality agritourism services, including local accommodation, entertainment and rent-a-car, as part of the promotion of the Azores as an international tourist destination.[\/vc_column_text][\/vc_column_inner][vc_column_inner width=&#8221;1\/3&#8243;][vc_column_text el_class=&#8221;st-aboutus-title&#8221;]<\/p>\n<h3><i class=\"fa fa-eye\"><\/i> Vision<\/h3>\n<p>[\/vc_column_text][vc_column_text el_class=&#8221;st-aboutus-content&#8221;]To be the main <em>player<\/em> and institutional partner in the promotion of nature tourism and agrotourism in the Azores, offering experiences and excellent services with teams that convey what it means to be an Azorean.[\/vc_column_text][\/vc_column_inner][vc_column_inner width=&#8221;1\/3&#8243;][vc_column_text el_class=&#8221;st-aboutus-title&#8221;]<\/p>\n<h3><i class=\"fa fa-bullseye\"><\/i> Values<\/h3>\n<p>[\/vc_column_text][vc_column_text el_class=&#8221;st-aboutus-content&#8221;]- Passion &#8211; Excellence &#8211; Commitment &#8211; Innovation &#8211; Teamwork &#8211; Inclusion[\/vc_column_text][\/vc_column_inner][\/vc_row_inner][vc_row_inner][vc_column_inner width=&#8221;1\/3&#8243;][vc_column_text el_class=&#8221;st-aboutus-title&#8221;]<\/p>\n<h3><i class=\"fa fa-shield\"><\/i> Partners<\/h3>\n<p>[\/vc_column_text][vc_column_text el_class=&#8221;st-aboutus-content&#8221;]A Azores Touch oferece o que de melhor existe nos A\u00e7ores, complementando um leque vasto de ofertas com os melhores Parceiros que existem nos A\u00e7ores, em todas as \u00e1reas de interven\u00e7\u00e3o da empresa.[\/vc_column_text][\/vc_column_inner][vc_column_inner width=&#8221;1\/3&#8243;][vc_column_text el_class=&#8221;st-aboutus-title&#8221;]<\/p>\n<h3><i class=\"fa fa-users\"><\/i> The Team<\/h3>\n<p>[\/vc_column_text][vc_column_text el_class=&#8221;st-aboutus-content&#8221;]Made up of dedicated, productive and passionate employees, Azores Touch welcomes and assists those who visit the Azores with a multipurpose team specialized in the various areas it operates: local accommodation for rural tourism and housing, tourist activities aimed at experiencing true unforgettable experiences and rent-a-car, vehicles and bicycles, to provide memorable trips through the Islands.[\/vc_column_text][\/vc_column_inner][vc_column_inner width=&#8221;1\/3&#8243;][vc_single_image image=&#8221;11210&#8243; img_size=&#8221;full&#8221; style=&#8221;vc_box_rounded&#8221; el_class=&#8221;photo-sergio&#8221; title=&#8221;S\u00e9rgio, CEO Founder&#8221;][\/vc_column_inner][\/vc_row_inner][\/vc_column][\/vc_row][vc_row full_width=&#8221;stretch_row_content_no_spaces&#8221; row_fullwidth=&#8221;yes&#8221; css=&#8221;.vc_custom_1648230890477{margin-top: 150px !important;}&#8221;][vc_column css=&#8221;.vc_custom_1543386510262{padding-right: 0px !important;padding-left: 0px !important;}&#8221;]<div class=\"st-aboutus-gallery\">\r\n            <div class=\"st-flickity st-gallery\">\r\n            <div class=\"carousel\"\r\n                 data-flickity='{ \"wrapAround\": true, \"pageDots\": true , \"autoPlay\" : true}'>\r\n                                    <div class=\"item\" style=\"background-image: url('https:\/\/azorestouch.com\/wp-content\/uploads\/2021\/09\/equipa-azorestouch-2-1.jpg')\"><\/div>\r\n                                        <div class=\"item\" style=\"background-image: url('https:\/\/azorestouch.com\/wp-content\/uploads\/2023\/10\/AzoresTouch-2.png')\"><\/div>\r\n                                        <div class=\"item\" style=\"background-image: url('https:\/\/azorestouch.com\/wp-content\/uploads\/2023\/10\/AzoresTouch1.png')\"><\/div>\r\n                                        <div class=\"item\" style=\"background-image: url('https:\/\/azorestouch.com\/wp-content\/uploads\/2023\/10\/AzoresTouch2.png')\"><\/div>\r\n                                        <div class=\"item\" style=\"background-image: url('https:\/\/azorestouch.com\/wp-content\/uploads\/2023\/10\/AzoresTouch3.png')\"><\/div>\r\n                                        <div class=\"item\" style=\"background-image: url('https:\/\/azorestouch.com\/wp-content\/uploads\/2023\/10\/AzoresTouch4.png')\"><\/div>\r\n                                <\/div>\r\n            <div class=\"slogan\">\r\n                <h4><\/h4>\r\n                                        <a href=\"\" target=\"\" class=\"btn btn-primary\"><\/a>\r\n                                <\/div>\r\n        <\/div>\r\n    <\/div>\r\n[\/vc_column][\/vc_row]<\/p>\n<\/div>","protected":false},"excerpt":{"rendered":"<p>[vc_row css=&#8221;.vc_custom_1645122279372{margin-top: 80px !important;margin-bottom: 60px !important;}&#8221;][vc_column width=&#8221;1\/2&#8243;][vc_single_image image=&#8221;13137&#8243; img_size=&#8221;full&#8221; style=&#8221;vc_box_rounded&#8221;][vc_column_text el_class=&#8221;st-aboutus-title&#8221;] About Us [\/vc_column_text][vc_column_text] Verificando o crescimento not\u00e1vel que se tem vindo a verificar no Turismo do Arquip\u00e9lago dos A\u00e7ores, nasceu o projeto da Azores Touch, visando criar um leque de solu\u00e7\u00f5es com o intuito de proporcionar \u00e0s pessoas que visitam os A\u00e7ores sentirem-se como [&hellip;]<\/p>\n","protected":false},"author":1,"featured_media":11400,"parent":0,"menu_order":0,"comment_status":"closed","ping_status":"closed","template":"","meta":{"footnotes":"","_links_to":"","_links_to_target":""},"class_list":["post-12236","page","type-page","status-publish","has-post-thumbnail","hentry"],"_links":{"self":[{"href":"https:\/\/azorestouch.com\/en\/wp-json\/wp\/v2\/pages\/12236","targetHints":{"allow":["GET"]}}],"collection":[{"href":"https:\/\/azorestouch.com\/en\/wp-json\/wp\/v2\/pages"}],"about":[{"href":"https:\/\/azorestouch.com\/en\/wp-json\/wp\/v2\/types\/page"}],"author":[{"embeddable":true,"href":"https:\/\/azorestouch.com\/en\/wp-json\/wp\/v2\/users\/1"}],"replies":[{"embeddable":true,"href":"https:\/\/azorestouch.com\/en\/wp-json\/wp\/v2\/comments?post=12236"}],"version-history":[{"count":0,"href":"https:\/\/azorestouch.com\/en\/wp-json\/wp\/v2\/pages\/12236\/revisions"}],"wp:featuredmedia":[{"embeddable":true,"href":"https:\/\/azorestouch.com\/en\/wp-json\/wp\/v2\/media\/11400"}],"wp:attachment":[{"href":"https:\/\/azorestouch.com\/en\/wp-json\/wp\/v2\/media?parent=12236"}],"curies":[{"name":"wp","href":"https:\/\/api.w.org\/{rel}","templated":true}]}}