{"id":12244,"date":"2022-04-26T20:16:12","date_gmt":"2022-04-26T20:16:12","guid":{"rendered":"https:\/\/azorestouch.com\/?page_id=12244"},"modified":"2025-09-16T14:32:15","modified_gmt":"2025-09-16T14:32:15","slug":"car-rental","status":"publish","type":"page","link":"https:\/\/azorestouch.com\/en\/join-us\/car-rental\/","title":{"rendered":"Car Rental"},"content":{"rendered":"<div class=\"wpb-content-wrapper\"><p>[vc_row css=&#8221;.vc_custom_1633211651512{margin-top: 80px !important;}&#8221;][vc_column width=&#8221;1\/2&#8243;][vc_custom_heading text=&#8221;Azores Touch presents visitors to the Azores with the possibility of using the existing vehicle fleet on the islands, allowing for a wide range of the best vehicles to make the presence of visitors to the Azores memorable!&#8221; font_container=&#8221;tag:h3|text_align:left|color:%23004c9e|line_height:1.5&#8243; use_theme_fonts=&#8221;yes&#8221; css=&#8221;.vc_custom_1645539331504{margin-top: 0px !important;margin-right: 50px !important;}&#8221; el_class=&#8221;font-weight-700&#8243;][\/vc_column][vc_column width=&#8221;1\/2&#8243;][vc_column_text el_class=&#8221;texto-lead&#8221;]Esta oferta alargada em Rede s\u00f3 \u00e9 poss\u00edvel com a participa\u00e7\u00e3o ativa de Parceiros no esfor\u00e7o conjunto de apresentar a quem vem conhecer e desfrutar dos A\u00e7ores as melhores condi\u00e7\u00f5es para se deslocarem e usufru\u00edrem dos v\u00e1rios pontos de interesse das Ilhas!<\/p>\n<p><em>Queremos que se juntem a n\u00f3s, empresas ou individuais que tenham viaturas para utiliza\u00e7\u00e3o em turismo. Queremos mais Parceiros para, em conjunto, oferecermos e disponibilizarmos a mais vasta Rede de Viaturas que permita proporcionar experi\u00eancias \u00fanicas a quem visita os A\u00e7ores!<\/em>[\/vc_column_text][\/vc_column][\/vc_row][vc_row el_id=&#8221;servicos-destaque&#8221; css=&#8221;.vc_custom_1633214896576{margin-top: 35px !important;}&#8221;][vc_column][vc_row_inner][vc_column_inner width=&#8221;1\/6&#8243;][vc_custom_heading text=&#8221;Vamos alargar uma Rede:&#8221; font_container=&#8221;tag:h4|font_size:18px|text_align:left&#8221; use_theme_fonts=&#8221;yes&#8221;][\/vc_column_inner][vc_column_inner width=&#8221;1\/6&#8243;]<div class=\"st-featured-item image-left\">\r\n    <div class=\"image\">\r\n        <img decoding=\"async\" src=\"https:\/\/azorestouch.com\/wp-content\/uploads\/2022\/02\/icon-flex.png\" class=\"img-responsive\" alt=\"Alugueres flex\u00edveis\">    <\/div>\r\n    <div class=\"content\">\r\n        <h3 class=\"title\">Alugueres flex\u00edveis<\/h3>\r\n        <div class=\"desc\"><\/div>\r\n    <\/div>\r\n<\/div>\r\n[\/vc_column_inner][vc_column_inner width=&#8221;1\/6&#8243;]<div class=\"st-featured-item image-left\">\r\n    <div class=\"image\">\r\n        <img decoding=\"async\" src=\"https:\/\/azorestouch.com\/wp-content\/uploads\/2015\/02\/Carro.png\" class=\"img-responsive\" alt=\"Frota diversificada\">    <\/div>\r\n    <div class=\"content\">\r\n        <h3 class=\"title\">Frota diversificada<\/h3>\r\n        <div class=\"desc\"><\/div>\r\n    <\/div>\r\n<\/div>\r\n[\/vc_column_inner][vc_column_inner width=&#8221;1\/6&#8243;]<div class=\"st-featured-item image-left\">\r\n    <div class=\"image\">\r\n        <img decoding=\"async\" src=\"https:\/\/azorestouch.com\/wp-content\/uploads\/2022\/02\/icon-24.png\" class=\"img-responsive\" alt=\"Assist\u00eancia 24 horas\">    <\/div>\r\n    <div class=\"content\">\r\n        <h3 class=\"title\">Assist\u00eancia 24 horas<\/h3>\r\n        <div class=\"desc\"><\/div>\r\n    <\/div>\r\n<\/div>\r\n[\/vc_column_inner][vc_column_inner width=&#8221;1\/6&#8243;]<div class=\"st-featured-item image-left\">\r\n    <div class=\"image\">\r\n        <img decoding=\"async\" src=\"https:\/\/azorestouch.com\/wp-content\/uploads\/2022\/02\/icon-no-fee.png\" class=\"img-responsive\" alt=\"Sem taxas de entrega ou recolha\">    <\/div>\r\n    <div class=\"content\">\r\n        <h3 class=\"title\">Sem taxas de entrega ou recolha<\/h3>\r\n        <div class=\"desc\"><\/div>\r\n    <\/div>\r\n<\/div>\r\n[\/vc_column_inner][vc_column_inner width=&#8221;1\/6&#8243;]<div class=\"st-featured-item image-left\">\r\n    <div class=\"image\">\r\n        <img decoding=\"async\" src=\"https:\/\/azorestouch.com\/wp-content\/uploads\/2022\/02\/icon-insurance.png\" class=\"img-responsive\" alt=\"Seguros adicionais\">    <\/div>\r\n    <div class=\"content\">\r\n        <h3 class=\"title\">Seguros adicionais<\/h3>\r\n        <div class=\"desc\"><\/div>\r\n    <\/div>\r\n<\/div>\r\n[\/vc_column_inner][\/vc_row_inner][\/vc_column][\/vc_row][vc_row full_width=&#8221;stretch_row&#8221; css=&#8221;.vc_custom_1633212365093{margin-top: 80px !important;padding-top: 100px !important;padding-bottom: 80px !important;background: #f5f5f5 url(https:\/\/azorestouch.cecplp-azores.org\/wp-content\/uploads\/2021\/09\/graciosa-layer2.png?id=11295) !important;background-position: 0 0 !important;background-repeat: repeat !important;}&#8221;][vc_column][vc_row_inner][vc_column_inner width=&#8221;1\/3&#8243;][vc_custom_heading text=&#8221;Junta-te \u00e0 rede deve\u00edculos Azores Touch !&#8221; font_container=&#8221;tag:h2|text_align:left|color:%23218c38&#8243; use_theme_fonts=&#8221;yes&#8221;][\/vc_column_inner][vc_column_inner width=&#8221;1\/6&#8243;][\/vc_column_inner][vc_column_inner width=&#8221;1\/2&#8243;]\n<div class=\"wpcf7 no-js\" id=\"wpcf7-f13168-o1\" lang=\"en-US\" dir=\"ltr\" data-wpcf7-id=\"13168\">\n<div class=\"screen-reader-response\"><p role=\"status\" aria-live=\"polite\" aria-atomic=\"true\"><\/p> <ul><\/ul><\/div>\n<form action=\"\/en\/wp-json\/wp\/v2\/pages\/12244#wpcf7-f13168-o1\" method=\"post\" class=\"wpcf7-form init\" aria-label=\"Contact form\" novalidate=\"novalidate\" data-status=\"init\">\n<fieldset class=\"hidden-fields-container\"><input type=\"hidden\" name=\"_wpcf7\" value=\"13168\" \/><input type=\"hidden\" name=\"_wpcf7_version\" value=\"6.1.5\" \/><input type=\"hidden\" name=\"_wpcf7_locale\" value=\"en_US\" \/><input type=\"hidden\" name=\"_wpcf7_unit_tag\" value=\"wpcf7-f13168-o1\" \/><input type=\"hidden\" name=\"_wpcf7_container_post\" value=\"0\" \/><input type=\"hidden\" name=\"_wpcf7_posted_data_hash\" value=\"\" \/><input type=\"hidden\" name=\"_wpcf7_recaptcha_response\" value=\"\" \/>\n<\/fieldset>\n<div class=\"st-contact-form\">\n\t<div class=\"contact-form\">\n\t\t<div class=\"row\">\n\t\t\t<div class=\"col-sm-6\">\n\t\t\t\t<div class=\"form-group\">\n\t\t\t\t\t<p><span class=\"wpcf7-form-control-wrap\" data-name=\"your-name\"><input size=\"40\" maxlength=\"400\" class=\"wpcf7-form-control wpcf7-text wpcf7-validates-as-required form-control\" aria-required=\"true\" aria-invalid=\"false\" placeholder=\"Seu nome\" value=\"\" type=\"text\" name=\"your-name\" \/><\/span>\n\t\t\t\t\t<\/p>\n\t\t\t\t<\/div>\n\t\t\t<\/div>\n\t\t\t<div class=\"col-sm-6\">\n\t\t\t\t<div class=\"form-group\">\n\t\t\t\t\t<p><span class=\"wpcf7-form-control-wrap\" data-name=\"your-email\"><input size=\"40\" maxlength=\"400\" class=\"wpcf7-form-control wpcf7-email wpcf7-validates-as-required wpcf7-text wpcf7-validates-as-email form-control\" aria-required=\"true\" aria-invalid=\"false\" placeholder=\"Email\" value=\"\" type=\"email\" name=\"your-email\" \/><\/span>\n\t\t\t\t\t<\/p>\n\t\t\t\t<\/div>\n\t\t\t<\/div>\n\t\t<\/div>\n\t\t<div class=\"row\">\n\t\t\t<div class=\"col-sm-6\">\n\t\t\t\t<div class=\"form-group\">\n\t\t\t\t\t<p><span class=\"wpcf7-form-control-wrap\" data-name=\"your-telefone\"><input size=\"40\" maxlength=\"400\" class=\"wpcf7-form-control wpcf7-tel wpcf7-validates-as-required wpcf7-text wpcf7-validates-as-tel form-control\" aria-required=\"true\" aria-invalid=\"false\" placeholder=\"Contacto Telef\u00f3nico\" value=\"\" type=\"tel\" name=\"your-telefone\" \/><\/span>\n\t\t\t\t\t<\/p>\n\t\t\t\t<\/div>\n\t\t\t<\/div>\n\t\t\t<div class=\"col-sm-6\">\n\t\t\t\t<p><input class=\"wpcf7-form-control wpcf7-submit has-spinner btn btn-primary\" type=\"submit\" value=\"Liguem-me Gr\u00e1tis\" \/>\n\t\t\t\t<\/p>\n\t\t\t<\/div>\n\t\t<\/div>\n\t<\/div>\n<\/div><div class=\"wpcf7-response-output\" aria-hidden=\"true\"><\/div>\n<\/form>\n<\/div>\n[\/vc_column_inner][\/vc_row_inner][\/vc_column][\/vc_row]<\/p>\n<\/div>","protected":false},"excerpt":{"rendered":"<p>[vc_row css=&#8221;.vc_custom_1633211651512{margin-top: 80px !important;}&#8221;][vc_column width=&#8221;1\/2&#8243;][vc_custom_heading text=&#8221;Azores Touch presents visitors to the Azores with the possibility of using the existing vehicle fleet on the islands, allowing for a wide range of the best vehicles to make the presence of visitors to the Azores memorable!&#8221; font_container=&#8221;tag:h3|text_align:left|color:%23004c9e|line_height:1.5&#8243; use_theme_fonts=&#8221;yes&#8221; css=&#8221;.vc_custom_1645539331504{margin-top: 0px !important;margin-right: 50px !important;}&#8221; el_class=&#8221;font-weight-700&#8243;][\/vc_column][vc_column width=&#8221;1\/2&#8243;][vc_column_text el_class=&#8221;texto-lead&#8221;]Esta oferta alargada [&hellip;]<\/p>\n","protected":false},"author":1,"featured_media":11468,"parent":12250,"menu_order":0,"comment_status":"closed","ping_status":"closed","template":"template-home-modern.php","meta":{"footnotes":"","_links_to":"","_links_to_target":""},"class_list":["post-12244","page","type-page","status-publish","has-post-thumbnail","hentry"],"_links":{"self":[{"href":"https:\/\/azorestouch.com\/en\/wp-json\/wp\/v2\/pages\/12244","targetHints":{"allow":["GET"]}}],"collection":[{"href":"https:\/\/azorestouch.com\/en\/wp-json\/wp\/v2\/pages"}],"about":[{"href":"https:\/\/azorestouch.com\/en\/wp-json\/wp\/v2\/types\/page"}],"author":[{"embeddable":true,"href":"https:\/\/azorestouch.com\/en\/wp-json\/wp\/v2\/users\/1"}],"replies":[{"embeddable":true,"href":"https:\/\/azorestouch.com\/en\/wp-json\/wp\/v2\/comments?post=12244"}],"version-history":[{"count":0,"href":"https:\/\/azorestouch.com\/en\/wp-json\/wp\/v2\/pages\/12244\/revisions"}],"up":[{"embeddable":true,"href":"https:\/\/azorestouch.com\/en\/wp-json\/wp\/v2\/pages\/12250"}],"wp:featuredmedia":[{"embeddable":true,"href":"https:\/\/azorestouch.com\/en\/wp-json\/wp\/v2\/media\/11468"}],"wp:attachment":[{"href":"https:\/\/azorestouch.com\/en\/wp-json\/wp\/v2\/media?parent=12244"}],"curies":[{"name":"wp","href":"https:\/\/api.w.org\/{rel}","templated":true}]}}